{"id":44,"date":"2022-03-03T21:15:26","date_gmt":"2022-03-03T20:15:26","guid":{"rendered":"http:\/\/nathaliegien.fr\/?page_id=44"},"modified":"2022-03-09T22:30:32","modified_gmt":"2022-03-09T21:30:32","slug":"communication-animale","status":"publish","type":"page","link":"https:\/\/nathaliegien.fr\/index.php\/communication-animale\/","title":{"rendered":"ThetaHealing\u00ae et Communication animale"},"content":{"rendered":"\n<p>Tout ce qui est mentionn\u00e9 dans la rubrique ThetaHealing\u00ae est applicable \u00e0 l\u2019animal.<\/p>\n\n\n\n<h2 class=\"wp-block-heading\" id=\"thetahealing\">Ce que je propose pour votre animal<\/h2>\n\n\n\n<p>Vous rencontrez une probl\u00e9matique avec lui, ce peut \u00eatre du stress, de l\u2019agitation, de la domination g\u00eanante de sa part, des douleurs ou probl\u00e8mes physiques r\u00e9currents, une maladie\u2026 Toute situation dans laquelle vous \u00eates en difficult\u00e9 avec lui peut faire l\u2019objet d\u2019une s\u00e9ance.<\/p>\n\n\n\n<p>Nous pouvons aussi travailler ensemble si vous avez simplement besoin ou envie de converser avec lui, ou de l\u2019informer d\u2019une situation \u00e0 venir.<\/p>\n\n\n\n<p>En pr\u00e9requis comme pour les humains, j\u2019effectue un r\u00e9\u00e9quilibrage \u00e9nerg\u00e9tique global de l\u2019animal, apr\u00e8s l\u2019avoir d\u00e9barrass\u00e9 de ce qui peut le perturber au niveau \u00e9nerg\u00e9tique.<\/p>\n\n\n\n<p>Je communique alors avec la conscience sup\u00e9rieure de l\u2019animal, son \u00e2me si vous pr\u00e9f\u00e9rez, je vois ce qu\u2019elle a \u00e0 me r\u00e9v\u00e9ler sur son comportement ou probl\u00e8me. Puis je me connecte \u00e0 l\u2019Energie de cr\u00e9ation afin <em><strong>d\u2019effectuer un travail sur les croyances limitantes de l\u2019animal, et ses sentiments, et un soin de gu\u00e9rison quand c\u2019est n\u00e9cessaire.<\/strong><\/em><\/p>\n\n\n\n<p>L\u2019objectif \u00e9tant comme pour les s\u00e9ances sur les humains, de r\u00e9soudre les probl\u00e8mes comportementaux et de sant\u00e9 de l\u2019animal, en le d\u00e9barrassant des programmes qui le font r\u00e9agir de fa\u00e7on inappropri\u00e9e, ou qui le rendent malade.<\/p>\n\n\n\n<p>Comme pour les humains, nous demandons la permission \u00e0 la conscience sup\u00e9rieure de l\u2019animal avant de proc\u00e9der aux changements de croyances dans son subconscient, ou avant d\u2019effectuer un soin de gu\u00e9rison.<\/p>\n\n\n\n<p>Je propose deux types de s\u00e9ances&nbsp;:<\/p>\n\n\n\n<ul class=\"wp-block-list\"><li>Une s\u00e9ance courte o\u00f9 je travaille en autonomie en me reliant \u00e9nerg\u00e9tiquement \u00e0 votre animal.<\/li><li>Une s\u00e9ance un peu plus longue avec vous, pour travailler \u00e9galement les liens que vous avez avec lui. Et pour assister en direct aux changements apport\u00e9s chez votre compagnon.<\/li><\/ul>\n\n\n\n<p>Dans tous les cas, je demande le nom de l\u2019animal, son \u00e2ge, la probl\u00e9matique, une photo et le nom du r\u00e9f\u00e9rent ou gardien.<\/p>\n\n\n\n<h2 class=\"wp-block-heading\">Pour quels animaux&nbsp;?<\/h2>\n\n\n\n<p>Absolument TOUS les animaux peuvent faire l\u2019objet d\u2019une s\u00e9ance.<\/p>\n\n\n\n<p><\/p>\n\n\n\n<div class=\"wp-block-buttons is-content-justification-center is-layout-flex wp-container-core-buttons-is-layout-16018d1d wp-block-buttons-is-layout-flex\">\n<div class=\"wp-block-button is-style-outline is-style-outline--1\"><a class=\"wp-block-button__link\" href=\"https:\/\/nathaliegien.fr\/index.php\/contact\/\">Contactez-moi<\/a><\/div>\n<\/div>\n","protected":false},"excerpt":{"rendered":"<p>Tout ce qui est mentionn\u00e9 dans la rubrique ThetaHealing\u00ae est applicable \u00e0 l\u2019animal. Ce que je propose pour votre animal Vous rencontrez une probl\u00e9matique avec lui, ce peut \u00eatre du stress, de l\u2019agitation, de la domination g\u00eanante de sa part, des douleurs ou probl\u00e8mes physiques r\u00e9currents, une maladie\u2026 Toute situation dans laquelle vous \u00eates en &hellip; <\/p>\n<p class=\"link-more\"><a href=\"https:\/\/nathaliegien.fr\/index.php\/communication-animale\/\" class=\"more-link\">Continuer la lecture<span class=\"screen-reader-text\"> de &laquo;&nbsp;ThetaHealing\u00ae et Communication animale&nbsp;&raquo;<\/span><\/a><\/p>\n","protected":false},"author":1,"featured_media":0,"parent":0,"menu_order":0,"comment_status":"closed","ping_status":"closed","template":"","meta":{"footnotes":""},"class_list":["post-44","page","type-page","status-publish","hentry"],"_links":{"self":[{"href":"https:\/\/nathaliegien.fr\/index.php\/wp-json\/wp\/v2\/pages\/44","targetHints":{"allow":["GET"]}}],"collection":[{"href":"https:\/\/nathaliegien.fr\/index.php\/wp-json\/wp\/v2\/pages"}],"about":[{"href":"https:\/\/nathaliegien.fr\/index.php\/wp-json\/wp\/v2\/types\/page"}],"author":[{"embeddable":true,"href":"https:\/\/nathaliegien.fr\/index.php\/wp-json\/wp\/v2\/users\/1"}],"replies":[{"embeddable":true,"href":"https:\/\/nathaliegien.fr\/index.php\/wp-json\/wp\/v2\/comments?post=44"}],"version-history":[{"count":2,"href":"https:\/\/nathaliegien.fr\/index.php\/wp-json\/wp\/v2\/pages\/44\/revisions"}],"predecessor-version":[{"id":114,"href":"https:\/\/nathaliegien.fr\/index.php\/wp-json\/wp\/v2\/pages\/44\/revisions\/114"}],"wp:attachment":[{"href":"https:\/\/nathaliegien.fr\/index.php\/wp-json\/wp\/v2\/media?parent=44"}],"curies":[{"name":"wp","href":"https:\/\/api.w.org\/{rel}","templated":true}]}}