{"id":309,"date":"2023-02-16T21:59:52","date_gmt":"2023-02-16T20:59:52","guid":{"rendered":"https:\/\/nathaliegien.fr\/?page_id=309"},"modified":"2023-02-16T22:05:13","modified_gmt":"2023-02-16T21:05:13","slug":"hypnose-transpersonnelle","status":"publish","type":"page","link":"https:\/\/nathaliegien.fr\/index.php\/hypnose-transpersonnelle\/","title":{"rendered":"HYPNOSE TRANSPERSONNELLE\u00ae"},"content":{"rendered":"\n<p><em>L\u2019hypnose transpersonnelle\u00ae&nbsp;est aussi connue sous d\u2019autres appellations telles que hypnose r\u00e9gressive, ou hypnose spirituelle. Elle a pour vocation de visiter des moments de la vie pr\u00e9sente du consultant, ou bien des vies ant\u00e9rieures de celui-ci&nbsp;; parfois d\u2019entrer en contact avec les d\u00e9funts, et d\u2019entrer en communication avec la conscience sup\u00e9rieure de la personne.<\/em><\/p>\n\n\n\n<p><\/p>\n\n\n\n<p>Nous cherchons \u00e0 aller au-del\u00e0 de la personnalit\u00e9 actuelle du consultant, en allant selon les cas au contact de personnalit\u00e9s d\u2019autres vies, \u00e0 la rencontre d\u2019\u00eatres de lumi\u00e8re, de guides\u2026<br>Plus qu\u2019une visite de vies pass\u00e9es, qui est d\u00e9j\u00e0 riche d\u2019enseignements, l\u2019Hypnose   transpersonnelle\u00ae nous permet d\u2019entrer en communication avec notre moi sup\u00e9rieur, ou conscience sup\u00e9rieure, partie la plus \u00e9volu\u00e9e de nous-m\u00eame.<\/p>\n\n\n\n<p>Notre conscience sup\u00e9rieure nous donnera acc\u00e8s \u00e0 toutes les informations que nous sommes pr\u00eats \u00e0 recevoir et int\u00e9grer le jour de la s\u00e9ance. Que ce soit en terme d\u2019exploration de vies pass\u00e9es ou actuelle, ou de r\u00e9ponses aux questions importantes que nous nous posons. Elle peut aussi si cela est n\u00e9cessaire, effectuer pour nous des lib\u00e9rations et soins \u00e9nerg\u00e9tiques.<\/p>\n\n\n\n<p>Un espace de communication entre vous, votre conscience sup\u00e9rieure et moi est cr\u00e9\u00e9 lors de la s\u00e9ance, ce qui permet de nombreuses prises de consciences lib\u00e9ratrices.<br>L\u2019Hypnose transpersonnelle\u00ae est un outil particuli\u00e8rement remarquable pour les personnes souhaitant mat\u00e9rialiser des changements durables dans leur vie, tout en vivant eux-m\u00eames l\u2019exp\u00e9rience. Elle permet de comprendre son chemin de vie, et de se reconnecter \u00e0 l\u2019\u00eatre spirituel en soi pour mieux appr\u00e9hender son lien avec le monde et l\u2019Univers.<\/p>\n\n\n\n<h2 class=\"wp-block-heading\">D\u00e9roulement d\u2019une s\u00e9ance d\u2019hypnose transpersonnelle\u00ae<\/h2>\n\n\n\n<p><br>La s\u00e9ance dure au total entre 2 et 4h.<\/p>\n\n\n\n<p><br>Trois \u00e9tapes se succ\u00e8dent&nbsp;:<br><strong>1_ Entretien<\/strong><br>Nous faisons ensemble un tour d\u2019horizon de votre vie, de vos attentes et des questions auxquelles vous souhaiteriez obtenir des r\u00e9ponses.<br><strong>2_ Hypnose<\/strong><br>Je vous guide afin que vous ayez acc\u00e8s \u00e0 toutes les informations dont vous avez besoin.<br>Lors de cet \u00e9tat, vous pourrez visiter des vies pass\u00e9es, parler \u00e0 votre conscience sup\u00e9rieure, rencontrer des guides ou d\u2019autres \u00eatres spirituels\u2026 Votre conscience sup\u00e9rieure vous montrera ce qui est le plus adapt\u00e9 pour vous \u00e0 ce moment-l\u00e0.<br><strong>3_ Cl\u00f4ture de s\u00e9ance<\/strong><br>Retour sur votre exp\u00e9rience et conseils de fin s\u00e9ance.<\/p>\n\n\n\n<p><\/p>\n\n\n\n<h2 class=\"wp-block-heading\">Quels sont les r\u00e9sultats possibles d\u2019une s\u00e9ance d\u2019hypnose&nbsp;?<\/h2>\n\n\n\n<ul class=\"wp-block-list\">\n<li>Venir \u00e0 bout de vos phobies, peurs, limitations, bocages\u2026<\/li>\n\n\n\n<li>Enrayer et comprendre les sch\u00e9mas r\u00e9p\u00e9titifs se manifestant dans votre vie.<\/li>\n\n\n\n<li>Comprendre l\u2019origine de vos probl\u00e8mes de sant\u00e9, voir les soulager.<\/li>\n\n\n\n<li>Am\u00e9liorer vos relations familiales, de couple, amicales\u2026<\/li>\n\n\n\n<li>Am\u00e9liorer votre confiance en vous.<\/li>\n\n\n\n<li>R\u00e9pondre \u00e0 vos questions d\u2019ordre professionnelles (envie de reconversion etc)<\/li>\n\n\n\n<li>Avoir acc\u00e8s \u00e0 des questions d\u2019ordre spirituel (connaitre les contrats d\u2019\u00e2mes avec des proches, dons, \u00ab&nbsp;mission&nbsp;\/chemin de vie&nbsp;\u00bb\u2026)<\/li>\n\n\n\n<li>Obtenir des soins \u00e9nerg\u00e9tiques.<\/li>\n\n\n\n<li>Visite de vies pass\u00e9es en lien avec votre vie actuelle.<\/li>\n\n\n\n<li>Comprendre vos probl\u00e8mes \u00e9motionnels, traumatismes.<\/li>\n\n\n\n<li>Avoir une perspective plus large et inclusive de votre existence.<\/li>\n\n\n\n<li>Une ouverture spirituelle accrue.<\/li>\n\n\n\n<li>Etc \u2026<\/li>\n<\/ul>\n\n\n\n<p><\/p>\n\n\n\n<p>De nombreuses questions peuvent \u00eatre abord\u00e9es en s\u00e9ance d\u2019hypnose, si vous n\u2019\u00eates pas certain(e) que cette pratique puisse r\u00e9pondre \u00e0 vos attentes, merci de me contacter afin que je puisse r\u00e9pondre \u00e0 vos interrogations.<br>Si toutefois l\u2019hypnose ne r\u00e9pond \u00e0 priori pas \u00e0 vos objectifs de travail, le ThetaHealing\u00ae sera probablement en mesure de vous aider. Je vous invite \u00e0 me poser toute question relative au choix d\u2019une de ces deux disciplines.<\/p>\n\n\n\n<p>Suite \u00e0 la s\u00e9ance, vous aurez acc\u00e8s \u00e0 l\u2019enregistrement de celle-ci. Il est recommand\u00e9 pour une int\u00e9gration optimale, de r\u00e9\u00e9couter celui-ci plusieurs fois dans les sept jours suivant la s\u00e9ance.<\/p>\n\n\n\n<p><strong>Je vous invite \u00e0 me contacter pour toute demande, et je me ferai un plaisir de vous renseigner quant \u00e0 mes possibilit\u00e9s de vous aider gr\u00e2ce \u00e0 l&rsquo;hypnose transpersonnelle<\/strong>\u00ae.<\/p>\n\n\n\n<div class=\"wp-block-buttons is-content-justification-center is-layout-flex wp-container-core-buttons-is-layout-16018d1d wp-block-buttons-is-layout-flex\">\n<div class=\"wp-block-button is-style-outline is-style-outline--1\"><a class=\"wp-block-button__link wp-element-button\" href=\"https:\/\/nathaliegien.fr\/index.php\/contact\/\">Contactez-moi<\/a><\/div>\n<\/div>\n","protected":false},"excerpt":{"rendered":"<p>L\u2019hypnose transpersonnelle\u00ae&nbsp;est aussi connue sous d\u2019autres appellations telles que hypnose r\u00e9gressive, ou hypnose spirituelle. Elle a pour vocation de visiter des moments de la vie pr\u00e9sente du consultant, ou bien des vies ant\u00e9rieures de celui-ci&nbsp;; parfois d\u2019entrer en contact avec les d\u00e9funts, et d\u2019entrer en communication avec la conscience sup\u00e9rieure de la personne. Nous cherchons &hellip; <\/p>\n<p class=\"link-more\"><a href=\"https:\/\/nathaliegien.fr\/index.php\/hypnose-transpersonnelle\/\" class=\"more-link\">Continuer la lecture<span class=\"screen-reader-text\"> de &laquo;&nbsp;HYPNOSE TRANSPERSONNELLE\u00ae&nbsp;&raquo;<\/span><\/a><\/p>\n","protected":false},"author":1,"featured_media":0,"parent":0,"menu_order":0,"comment_status":"closed","ping_status":"closed","template":"","meta":{"footnotes":""},"class_list":["post-309","page","type-page","status-publish","hentry"],"_links":{"self":[{"href":"https:\/\/nathaliegien.fr\/index.php\/wp-json\/wp\/v2\/pages\/309","targetHints":{"allow":["GET"]}}],"collection":[{"href":"https:\/\/nathaliegien.fr\/index.php\/wp-json\/wp\/v2\/pages"}],"about":[{"href":"https:\/\/nathaliegien.fr\/index.php\/wp-json\/wp\/v2\/types\/page"}],"author":[{"embeddable":true,"href":"https:\/\/nathaliegien.fr\/index.php\/wp-json\/wp\/v2\/users\/1"}],"replies":[{"embeddable":true,"href":"https:\/\/nathaliegien.fr\/index.php\/wp-json\/wp\/v2\/comments?post=309"}],"version-history":[{"count":3,"href":"https:\/\/nathaliegien.fr\/index.php\/wp-json\/wp\/v2\/pages\/309\/revisions"}],"predecessor-version":[{"id":315,"href":"https:\/\/nathaliegien.fr\/index.php\/wp-json\/wp\/v2\/pages\/309\/revisions\/315"}],"wp:attachment":[{"href":"https:\/\/nathaliegien.fr\/index.php\/wp-json\/wp\/v2\/media?parent=309"}],"curies":[{"name":"wp","href":"https:\/\/api.w.org\/{rel}","templated":true}]}}